{"id":27688,"date":"2024-12-15T22:28:58","date_gmt":"2024-12-15T14:28:58","guid":{"rendered":"https:\/\/www.lcdbk.com\/shop\/uncategorized\/ug-6028gdebf02\/"},"modified":"2024-12-15T22:29:19","modified_gmt":"2024-12-15T14:29:19","slug":"ug-6028gdebf02","status":"publish","type":"product","link":"https:\/\/www.lcdbk.com\/fr\/boutique\/panneau-lcd\/ug-6028gdebf02\/","title":{"rendered":"UG-6028GDEBF02 Panneau LCD WiseChip de remplacement pour applications industrielles"},"content":{"rendered":"<table style=\"border-collapse: collapse; border-spacing: 0;\">\n<tr>\n<td style=\"width:30%; border: 1px solid #000; padding: 0;\">product_name:<\/td>\n<td style=\"width:70%; border: 1px solid #000; padding: 0;\">UG-6028GDEBF02 1.7&#8243; PM-OLED,OLED for WiseChip<\/td>\n<\/tr>\n<tr>\n<td style=\"width:30%; border: 1px solid #000; padding: 0;\">Marque :<\/td>\n<td style=\"width:70%; border: 1px solid #000; padding: 0;\">WiseChip<\/td>\n<\/tr>\n<tr>\n<td style=\"width:30%; border: 1px solid #000; padding: 0;\">Panel model:<\/td>\n<td style=\"width:70%; border: 1px solid #000; padding: 0;\">UG-6028GDEBF02<\/td>\n<\/tr>\n<tr>\n<td style=\"width:30%; border: 1px solid #000; padding: 0;\">Type de panneau :<\/td>\n<td style=\"width:70%; border: 1px solid #000; padding: 0;\">PM-OLED,OLED<\/td>\n<\/tr>\n<tr>\n<td style=\"width:30%; border: 1px solid #000; padding: 0;\">Taille du panneau :<\/td>\n<td style=\"width:70%; border: 1px solid #000; padding: 0;\">1.7<\/td>\n<\/tr>\n<tr>\n<td style=\"width:30%; border: 1px solid #000; padding: 0;\">R\u00e9solution :<\/td>\n<td style=\"width:70%; border: 1px solid #000; padding: 0;\">160(RGB)\u00d7128<\/td>\n<\/tr>\n<tr>\n<td style=\"width:30%; border: 1px solid #000; padding: 0;\">Mode d'affichage :<\/td>\n<td style=\"width:70%; border: 1px solid #000; padding: 0;\">OLED<\/td>\n<\/tr>\n<tr>\n<td style=\"width:30%; border: 1px solid #000; padding: 0;\">Rapport de contraste :<\/td>\n<td style=\"width:70%; border: 1px solid #000; padding: 0;\">2000 : 1 (Typ.) (Transmissive)<\/td>\n<\/tr>\n<tr>\n<td style=\"width:30%; border: 1px solid #000; padding: 0;\">Luminosit\u00e9 :<\/td>\n<td style=\"width:70%; border: 1px solid #000; padding: 0;\">75 cd\/m2 (Typ.)<\/td>\n<\/tr>\n<tr>\n<td style=\"width:30%; border: 1px solid #000; padding: 0;\">Couleurs d'affichage :<\/td>\n<td style=\"width:70%; border: 1px solid #000; padding: 0;\">262K (6 bits)<\/td>\n<\/tr>\n<tr>\n<td style=\"width:30%; border: 1px solid #000; padding: 0;\">Angle de vision :<\/td>\n<td style=\"width:70%; border: 1px solid #000; padding: 0;\">80\/80\/80\/80 (Min.) (L\/R\/U\/D)<\/td>\n<\/tr>\n<tr>\n<td style=\"width:30%; border: 1px solid #000; padding: 0;\">Type de lampe :<\/td>\n<td style=\"width:70%; border: 1px solid #000; padding: 0;\">self<\/td>\n<\/tr>\n<tr>\n<td style=\"width:30%; border: 1px solid #000; padding: 0;\">Interface de signal :<\/td>\n<td style=\"width:70%; border: 1px solid #000; padding: 0;\">CPU\/RGB\/SPI<\/td>\n<\/tr>\n<tr>\n<td style=\"width:30%; border: 1px solid #000; padding: 0;\">Tension d'entr\u00e9e :<\/td>\n<td style=\"width:70%; border: 1px solid #000; padding: 0;\">2.8\/2.8\/14.0V (VDD\/VDDIO\/VDDH)<\/td>\n<\/tr>\n<tr>\n<td style=\"width:30%; border: 1px solid #000; padding: 0;\">Application:<\/td>\n<td style=\"width:70%; border: 1px solid #000; padding: 0;\">Industrial Application<\/td>\n<\/tr>\n<\/table>","protected":false},"excerpt":{"rendered":"<p>product_name : UG-6028GDEBF02 1.7\u2033 PM-OLED,OLED for WiseChip Brand : WiseChip Mod\u00e8le de panneau : UG-6028GDEBF02 Type de panneau : PM-OLED,OLED Taille du panneau : 1.7 R\u00e9solution : 160(RGB)\u00d7128 Affichage<\/p>","protected":false},"featured_media":27690,"comment_status":"closed","ping_status":"open","template":"","meta":[],"product_cat":[185],"product_tag":[],"class_list":{"0":"post-27688","1":"product","2":"type-product","3":"status-publish","4":"has-post-thumbnail","6":"product_cat-lcd-panel","7":"pa_contrastratio-2000-1-typ-transmissive","8":"pa_inputvoltage-2-8-2-8-14-0v-vdd-vddio-vddh","9":"pa_lcd-size-1-7","10":"pa_mpn-ug-6028gdebf02","11":"pa_resolution-160rgbx128","13":"first","14":"instock","15":"purchasable","16":"product-type-simple"},"_links":{"self":[{"href":"https:\/\/www.lcdbk.com\/fr\/wp-json\/wp\/v2\/product\/27688","targetHints":{"allow":["GET"]}}],"collection":[{"href":"https:\/\/www.lcdbk.com\/fr\/wp-json\/wp\/v2\/product"}],"about":[{"href":"https:\/\/www.lcdbk.com\/fr\/wp-json\/wp\/v2\/types\/product"}],"replies":[{"embeddable":true,"href":"https:\/\/www.lcdbk.com\/fr\/wp-json\/wp\/v2\/comments?post=27688"}],"version-history":[{"count":1,"href":"https:\/\/www.lcdbk.com\/fr\/wp-json\/wp\/v2\/product\/27688\/revisions"}],"predecessor-version":[{"id":27689,"href":"https:\/\/www.lcdbk.com\/fr\/wp-json\/wp\/v2\/product\/27688\/revisions\/27689"}],"wp:featuredmedia":[{"embeddable":true,"href":"https:\/\/www.lcdbk.com\/fr\/wp-json\/wp\/v2\/media\/27690"}],"wp:attachment":[{"href":"https:\/\/www.lcdbk.com\/fr\/wp-json\/wp\/v2\/media?parent=27688"}],"wp:term":[{"taxonomy":"product_cat","embeddable":true,"href":"https:\/\/www.lcdbk.com\/fr\/wp-json\/wp\/v2\/product_cat?post=27688"},{"taxonomy":"product_tag","embeddable":true,"href":"https:\/\/www.lcdbk.com\/fr\/wp-json\/wp\/v2\/product_tag?post=27688"}],"curies":[{"name":"wp","href":"https:\/\/api.w.org\/{rel}","templated":true}]}}