{"id":27739,"date":"2024-12-15T22:29:51","date_gmt":"2024-12-15T14:29:51","guid":{"rendered":"https:\/\/www.lcdbk.com\/shop\/uncategorized\/aa050mh01\/"},"modified":"2024-12-15T22:29:59","modified_gmt":"2024-12-15T14:29:59","slug":"aa050mh01","status":"publish","type":"product","link":"https:\/\/www.lcdbk.com\/fr\/boutique\/panneau-lcd\/aa050mh01\/","title":{"rendered":"AA050MH01 Panneau LCD Mitsubishi de remplacement pour application industrielle"},"content":{"rendered":"<table style=\"border-collapse: collapse; border-spacing: 0;\">\n<tr>\n<td style=\"width:30%; border: 1px solid #000; padding: 0;\">product_name:<\/td>\n<td style=\"width:70%; border: 1px solid #000; padding: 0;\">AA050MH01 5&#8243; 800\u00d7480 LCD Panel for Mitsubishi<\/td>\n<\/tr>\n<tr>\n<td style=\"width:30%; border: 1px solid #000; padding: 0;\">Marque :<\/td>\n<td style=\"width:70%; border: 1px solid #000; padding: 0;\">Mitsubishi<\/td>\n<\/tr>\n<tr>\n<td style=\"width:30%; border: 1px solid #000; padding: 0;\">Panel model:<\/td>\n<td style=\"width:70%; border: 1px solid #000; padding: 0;\">AA050MH01<\/td>\n<\/tr>\n<tr>\n<td style=\"width:30%; border: 1px solid #000; padding: 0;\">Taille du panneau :<\/td>\n<td style=\"width:70%; border: 1px solid #000; padding: 0;\">5<\/td>\n<\/tr>\n<tr>\n<td style=\"width:30%; border: 1px solid #000; padding: 0;\">R\u00e9solution :<\/td>\n<td style=\"width:70%; border: 1px solid #000; padding: 0;\">800\u00d7480<\/td>\n<\/tr>\n<tr>\n<td style=\"width:30%; border: 1px solid #000; padding: 0;\">R\u00e9tro-\u00e9clairage :<\/td>\n<td style=\"width:70%; border: 1px solid #000; padding: 0;\">WLED<\/td>\n<\/tr>\n<tr>\n<td style=\"width:30%; border: 1px solid #000; padding: 0;\">Interface :<\/td>\n<td style=\"width:70%; border: 1px solid #000; padding: 0;\">TTL<\/td>\n<\/tr>\n<tr>\n<td style=\"width:30%; border: 1px solid #000; padding: 0;\">Surface :<\/td>\n<td style=\"width:70%; border: 1px solid #000; padding: 0;\">Clear<\/td>\n<\/tr>\n<tr>\n<td style=\"width:30%; border: 1px solid #000; padding: 0;\">Luminosit\u00e9 :<\/td>\n<td style=\"width:70%; border: 1px solid #000; padding: 0;\">500<\/td>\n<\/tr>\n<tr>\n<td style=\"width:30%; border: 1px solid #000; padding: 0;\">Fr\u00e9quence :<\/td>\n<td style=\"width:70%; border: 1px solid #000; padding: 0;\">60Hz<\/td>\n<\/tr>\n<tr>\n<td style=\"width:30%; border: 1px solid #000; padding: 0;\">Zone active :<\/td>\n<td style=\"width:70%; border: 1px solid #000; padding: 0;\">108\u00d764.8<\/td>\n<\/tr>\n<tr>\n<td style=\"width:30%; border: 1px solid #000; padding: 0;\">Outline:<\/td>\n<td style=\"width:70%; border: 1px solid #000; padding: 0;\">118.5\u00d777.8<\/td>\n<\/tr>\n<tr>\n<td style=\"width:30%; border: 1px solid #000; padding: 0;\">TN\/VA\/IPS :<\/td>\n<td style=\"width:70%; border: 1px solid #000; padding: 0;\">SWV<\/td>\n<\/tr>\n<tr>\n<td style=\"width:30%; border: 1px solid #000; padding: 0;\">C\/R :<\/td>\n<td style=\"width:70%; border: 1px solid #000; padding: 0;\">1000:1<\/td>\n<\/tr>\n<tr>\n<td style=\"width:30%; border: 1px solid #000; padding: 0;\">Angle de vue :<\/td>\n<td style=\"width:70%; border: 1px solid #000; padding: 0;\">85\/85\/85\/85<\/td>\n<\/tr>\n<tr>\n<td style=\"width:30%; border: 1px solid #000; padding: 0;\">Couleurs :<\/td>\n<td style=\"width:70%; border: 1px solid #000; padding: 0;\">16.7M<\/td>\n<\/tr>\n<tr>\n<td style=\"width:30%; border: 1px solid #000; padding: 0;\">Typ. Profondeur :<\/td>\n<td style=\"width:70%; border: 1px solid #000; padding: 0;\">3.9mm<\/td>\n<\/tr>\n<tr>\n<td style=\"width:30%; border: 1px solid #000; padding: 0;\">Max. Profondeur :<\/td>\n<td style=\"width:70%; border: 1px solid #000; padding: 0;\">5.7mm<\/td>\n<\/tr>\n<tr>\n<td style=\"width:30%; border: 1px solid #000; padding: 0;\">\u00c9pingles :<\/td>\n<td style=\"width:70%; border: 1px solid #000; padding: 0;\">45 pins<\/td>\n<\/tr>\n<tr>\n<td style=\"width:30%; border: 1px solid #000; padding: 0;\">Temp. de travail<\/td>\n<td style=\"width:70%; border: 1px solid #000; padding: 0;\">-30~80\u00b0C<\/td>\n<\/tr>\n<tr>\n<td style=\"width:30%; border: 1px solid #000; padding: 0;\">Temp\u00e9rature de stockage<\/td>\n<td style=\"width:70%; border: 1px solid #000; padding: 0;\">-30~80\u00b0C<\/td>\n<\/tr>\n<tr>\n<td style=\"width:30%; border: 1px solid #000; padding: 0;\">Gamut:<\/td>\n<td style=\"width:70%; border: 1px solid #000; padding: 0;\">50%<\/td>\n<\/tr>\n<\/table>","protected":false},"excerpt":{"rendered":"<p>product_name : AA050MH01 5\u2033 800\u00d7480 LCD Panel for Mitsubishi Brand : Mitsubishi Mod\u00e8le de panneau : AA050MH01 Taille du panneau : 5 R\u00e9solution : 800\u00d7480 R\u00e9tro-\u00e9clairage : WLED<\/p>","protected":false},"featured_media":27741,"comment_status":"closed","ping_status":"open","template":"","meta":[],"product_cat":[185],"product_tag":[],"class_list":{"0":"post-27739","1":"product","2":"type-product","3":"status-publish","4":"has-post-thumbnail","6":"product_cat-lcd-panel","7":"pa_lcd-size-245","8":"pa_mpn-aa050mh01","9":"pa_resolution-800x480","11":"first","12":"instock","13":"purchasable","14":"product-type-simple"},"_links":{"self":[{"href":"https:\/\/www.lcdbk.com\/fr\/wp-json\/wp\/v2\/product\/27739","targetHints":{"allow":["GET"]}}],"collection":[{"href":"https:\/\/www.lcdbk.com\/fr\/wp-json\/wp\/v2\/product"}],"about":[{"href":"https:\/\/www.lcdbk.com\/fr\/wp-json\/wp\/v2\/types\/product"}],"replies":[{"embeddable":true,"href":"https:\/\/www.lcdbk.com\/fr\/wp-json\/wp\/v2\/comments?post=27739"}],"version-history":[{"count":1,"href":"https:\/\/www.lcdbk.com\/fr\/wp-json\/wp\/v2\/product\/27739\/revisions"}],"predecessor-version":[{"id":27740,"href":"https:\/\/www.lcdbk.com\/fr\/wp-json\/wp\/v2\/product\/27739\/revisions\/27740"}],"wp:featuredmedia":[{"embeddable":true,"href":"https:\/\/www.lcdbk.com\/fr\/wp-json\/wp\/v2\/media\/27741"}],"wp:attachment":[{"href":"https:\/\/www.lcdbk.com\/fr\/wp-json\/wp\/v2\/media?parent=27739"}],"wp:term":[{"taxonomy":"product_cat","embeddable":true,"href":"https:\/\/www.lcdbk.com\/fr\/wp-json\/wp\/v2\/product_cat?post=27739"},{"taxonomy":"product_tag","embeddable":true,"href":"https:\/\/www.lcdbk.com\/fr\/wp-json\/wp\/v2\/product_tag?post=27739"}],"curies":[{"name":"wp","href":"https:\/\/api.w.org\/{rel}","templated":true}]}}