{"id":31163,"date":"2025-01-07T16:02:18","date_gmt":"2025-01-07T08:02:18","guid":{"rendered":"https:\/\/www.lcdbk.com\/shop\/uncategorized\/p238hvn01-0\/"},"modified":"2025-01-07T16:10:21","modified_gmt":"2025-01-07T08:10:21","slug":"p238hvn01-0","status":"publish","type":"product","link":"https:\/\/www.lcdbk.com\/fr\/boutique\/panneau-lcd\/p238hvn01-0\/","title":{"rendered":"P238HVN01.0 AUO 23.0&#8243; a-si TFT-LCD ,"},"content":{"rendered":"<table style=\"width:100%; border-collapse: collapse; border-spacing: 0;\">\n<tr>\n<td style=\"width:30%; border: 1px solid #000; padding: 0;\">Marque :<\/td>\n<td style=\"width:70%; border: 1px solid #000; padding: 0;\">AUO<\/td>\n<\/tr>\n<tr>\n<td style=\"width:30%; border: 1px solid #000; padding: 0;\">Type de panneau :<\/td>\n<td style=\"width:70%; border: 1px solid #000; padding: 0;\">a-si TFT-LCD<\/td>\n<\/tr>\n<tr>\n<td style=\"width:30%; border: 1px solid #000; padding: 0;\">Taille du panneau :<\/td>\n<td style=\"width:70%; border: 1px solid #000; padding: 0;\">23.0<\/td>\n<\/tr>\n<tr>\n<td style=\"width:30%; border: 1px solid #000; padding: 0;\">R\u00e9solution :<\/td>\n<td style=\"width:70%; border: 1px solid #000; padding: 0;\">1920 X 1080<\/td>\n<\/tr>\n<tr>\n<td style=\"width:30%; border: 1px solid #000; padding: 0;\">Mode d'affichage :<\/td>\n<td style=\"width:70%; border: 1px solid #000; padding: 0;\">va\u00a3\u00ac Normally Black \u00a3\u00ac Transmissive<\/td>\n<\/tr>\n<tr>\n<td style=\"width:30%; border: 1px solid #000; padding: 0;\">Rapport de contraste :<\/td>\n<td style=\"width:70%; border: 1px solid #000; padding: 0;\">3000:1 (Typ.) &#8482;<\/td>\n<\/tr>\n<tr>\n<td style=\"width:30%; border: 1px solid #000; padding: 0;\">Surface :<\/td>\n<td style=\"width:70%; border: 1px solid #000; padding: 0;\">Matte (Haze 40%)\u00a3\u00acHard coating (3H)<\/td>\n<\/tr>\n<tr>\n<td style=\"width:30%; border: 1px solid #000; padding: 0;\">Luminosit\u00e9 :<\/td>\n<td style=\"width:70%; border: 1px solid #000; padding: 0;\">250 cd\/m2 (Typ.)<\/td>\n<\/tr>\n<tr>\n<td style=\"width:30%; border: 1px solid #000; padding: 0;\">Couleurs d'affichage :<\/td>\n<td style=\"width:70%; border: 1px solid #000; padding: 0;\">16.7m , 72% Adobe rgb<\/td>\n<\/tr>\n<tr>\n<td style=\"width:30%; border: 1px solid #000; padding: 0;\">Angle de vision :<\/td>\n<td style=\"width:70%; border: 1px solid #000; padding: 0;\">89\/89\/89\/89 (Typ.)(CR>=10)<\/td>\n<\/tr>\n<tr>\n<td style=\"width:30%; border: 1px solid #000; padding: 0;\">Fr\u00e9quence :<\/td>\n<td style=\"width:70%; border: 1px solid #000; padding: 0;\">60Hz<\/td>\n<\/tr>\n<tr>\n<td style=\"width:30%; border: 1px solid #000; padding: 0;\">Type de lampe :<\/td>\n<td style=\"width:70%; border: 1px solid #000; padding: 0;\">WLED 16s4p , 30k Hours , Without Driver<\/td>\n<\/tr>\n<tr>\n<td style=\"width:30%; border: 1px solid #000; padding: 0;\">Interface de signal :<\/td>\n<td style=\"width:70%; border: 1px solid #000; padding: 0;\">LVDS (2 ch, 8-bit) , 30 pins<\/td>\n<\/tr>\n<tr>\n<td style=\"width:30%; border: 1px solid #000; padding: 0;\">Tension d'entr\u00e9e :<\/td>\n<td style=\"width:70%; border: 1px solid #000; padding: 0;\">5.0v (Typ.)<\/td>\n<\/tr>\n<tr>\n<td style=\"width:30%; border: 1px solid #000; padding: 0;\">Pixel Format:<\/td>\n<td style=\"width:70%; border: 1px solid #000; padding: 0;\">RGB\u00c7\u00e3\u00d0\u00b1\u00cc\u00f5\u00d7\u00b4<\/td>\n<\/tr>\n<tr>\n<td style=\"width:30%; border: 1px solid #000; padding: 0;\">Display Area:<\/td>\n<td style=\"width:70%; border: 1px solid #000; padding: 0;\">527.04 X 296.46(mm)<\/td>\n<\/tr>\n<tr>\n<td style=\"width:30%; border: 1px solid #000; padding: 0;\">Taille des contours :<\/td>\n<td style=\"width:70%; border: 1px solid #000; padding: 0;\">543 X 317.4 X 11.7(mm)<\/td>\n<\/tr>\n<tr>\n<td style=\"width:30%; border: 1px solid #000; padding: 0;\">Temps de r\u00e9ponse :<\/td>\n<td style=\"width:70%; border: 1px solid #000; padding: 0;\">10\/6 (Typ.)(tr\/td) ms<\/td>\n<\/tr>\n<tr>\n<td style=\"width:30%; border: 1px solid #000; padding: 0;\">Environment:<\/td>\n<td style=\"width:70%; border: 1px solid #000; padding: 0;\">Operating Temp.: 0 ~ 50\u00a1\u00e3c; Storage Temp.: -20 ~ 60\u00a1\u00e3c;<\/td>\n<\/tr>\n<\/table>","protected":false},"excerpt":{"rendered":"<p>Brand: AUO Panel Type: a-si TFT-LCD Panel Size: 23.0 Resolution: 1920 X 1080 Display Mode: va\u00a3\u00ac Normally Black \u00a3\u00ac Transmissive<\/p>","protected":false},"featured_media":31165,"comment_status":"closed","ping_status":"open","template":"","meta":[],"product_cat":[185],"product_tag":[],"class_list":{"0":"post-31163","1":"product","2":"type-product","3":"status-publish","4":"has-post-thumbnail","6":"product_cat-lcd-panel","7":"pa_contrastratio-30001-typ-tm","8":"pa_inputvoltage-5-0v-typ","9":"pa_lcd-size-23-0","10":"pa_mpn-p238hvn01-0","11":"pa_resolution-1920-x-1080","13":"first","14":"instock","15":"purchasable","16":"product-type-simple"},"_links":{"self":[{"href":"https:\/\/www.lcdbk.com\/fr\/wp-json\/wp\/v2\/product\/31163","targetHints":{"allow":["GET"]}}],"collection":[{"href":"https:\/\/www.lcdbk.com\/fr\/wp-json\/wp\/v2\/product"}],"about":[{"href":"https:\/\/www.lcdbk.com\/fr\/wp-json\/wp\/v2\/types\/product"}],"replies":[{"embeddable":true,"href":"https:\/\/www.lcdbk.com\/fr\/wp-json\/wp\/v2\/comments?post=31163"}],"version-history":[{"count":2,"href":"https:\/\/www.lcdbk.com\/fr\/wp-json\/wp\/v2\/product\/31163\/revisions"}],"predecessor-version":[{"id":32640,"href":"https:\/\/www.lcdbk.com\/fr\/wp-json\/wp\/v2\/product\/31163\/revisions\/32640"}],"wp:featuredmedia":[{"embeddable":true,"href":"https:\/\/www.lcdbk.com\/fr\/wp-json\/wp\/v2\/media\/31165"}],"wp:attachment":[{"href":"https:\/\/www.lcdbk.com\/fr\/wp-json\/wp\/v2\/media?parent=31163"}],"wp:term":[{"taxonomy":"product_cat","embeddable":true,"href":"https:\/\/www.lcdbk.com\/fr\/wp-json\/wp\/v2\/product_cat?post=31163"},{"taxonomy":"product_tag","embeddable":true,"href":"https:\/\/www.lcdbk.com\/fr\/wp-json\/wp\/v2\/product_tag?post=31163"}],"curies":[{"name":"wp","href":"https:\/\/api.w.org\/{rel}","templated":true}]}}