{"id":39404,"date":"2025-01-07T16:27:51","date_gmt":"2025-01-07T08:27:51","guid":{"rendered":"https:\/\/www.lcdbk.com\/shop\/uncategorized\/lm213xb\/"},"modified":"2025-01-07T16:27:58","modified_gmt":"2025-01-07T08:27:58","slug":"lm213xb","status":"publish","type":"product","link":"https:\/\/www.lcdbk.com\/fr\/boutique\/panneau-lcd\/lm213xb\/","title":{"rendered":"LM213XB Hitachi 5.8&#8243; stn-lcd"},"content":{"rendered":"<table style=\"width:100%; border-collapse: collapse; border-spacing: 0;\">\n<tr>\n<td style=\"width:30%; border: 1px solid #000; padding: 0;\">Marque :<\/td>\n<td style=\"width:70%; border: 1px solid #000; padding: 0;\">Hitachi<\/td>\n<\/tr>\n<tr>\n<td style=\"width:30%; border: 1px solid #000; padding: 0;\">Type de panneau :<\/td>\n<td style=\"width:70%; border: 1px solid #000; padding: 0;\">stn-lcd<\/td>\n<\/tr>\n<tr>\n<td style=\"width:30%; border: 1px solid #000; padding: 0;\">Taille du panneau :<\/td>\n<td style=\"width:70%; border: 1px solid #000; padding: 0;\">5.8<\/td>\n<\/tr>\n<tr>\n<td style=\"width:30%; border: 1px solid #000; padding: 0;\">R\u00e9solution :<\/td>\n<td style=\"width:70%; border: 1px solid #000; padding: 0;\">256 X 64<\/td>\n<\/tr>\n<tr>\n<td style=\"width:30%; border: 1px solid #000; padding: 0;\">Mode d'affichage :<\/td>\n<td style=\"width:70%; border: 1px solid #000; padding: 0;\">sTN\u00a3\u00ac\u00bb\u00c6\u00c2\u00cc\u00c4\u00a3-Positive\u00a3\u00acReflective<\/td>\n<\/tr>\n<tr>\n<td style=\"width:30%; border: 1px solid #000; padding: 0;\">Couleurs d'affichage :<\/td>\n<td style=\"width:70%; border: 1px solid #000; padding: 0;\">Mono<\/td>\n<\/tr>\n<tr>\n<td style=\"width:30%; border: 1px solid #000; padding: 0;\">Type de lampe :<\/td>\n<td style=\"width:70%; border: 1px solid #000; padding: 0;\">Without Backlight<\/td>\n<\/tr>\n<tr>\n<td style=\"width:30%; border: 1px solid #000; padding: 0;\">Interface de signal :<\/td>\n<td style=\"width:70%; border: 1px solid #000; padding: 0;\">20 pins 8-bit \u00b2\u00a2\u00bf\u00da Pad<\/td>\n<\/tr>\n<tr>\n<td style=\"width:30%; border: 1px solid #000; padding: 0;\">Tension d'entr\u00e9e :<\/td>\n<td style=\"width:70%; border: 1px solid #000; padding: 0;\">5.0v (Typ.)<\/td>\n<\/tr>\n<tr>\n<td style=\"width:30%; border: 1px solid #000; padding: 0;\">Pixel Format:<\/td>\n<td style=\"width:70%; border: 1px solid #000; padding: 0;\">Rectangle<\/td>\n<\/tr>\n<tr>\n<td style=\"width:30%; border: 1px solid #000; padding: 0;\">Display Area:<\/td>\n<td style=\"width:70%; border: 1px solid #000; padding: 0;\">143.31 X 35.79(mm)<\/td>\n<\/tr>\n<tr>\n<td style=\"width:30%; border: 1px solid #000; padding: 0;\">Taille des contours :<\/td>\n<td style=\"width:70%; border: 1px solid #000; padding: 0;\">184 X 75 X 12(mm)<\/td>\n<\/tr>\n<tr>\n<td style=\"width:30%; border: 1px solid #000; padding: 0;\">Environment:<\/td>\n<td style=\"width:70%; border: 1px solid #000; padding: 0;\">Operating Temp.: 0 ~ 40\u00a1\u00e3c; Storage Temp.: -20 ~ 60\u00a1\u00e3c;<\/td>\n<\/tr>\n<\/table>","protected":false},"excerpt":{"rendered":"<p>Brand: Hitachi Panel Type: stn-lcd Panel Size: 5.8 Resolution: 256 X 64 Display Mode: sTN\u00a3\u00ac\u00bb\u00c6\u00c2\u00cc\u00c4\u00a3-Positive\u00a3\u00acReflective Display Colors: Mono Lamp Type:<\/p>","protected":false},"featured_media":39406,"comment_status":"closed","ping_status":"open","template":"","meta":[],"product_cat":[185],"product_tag":[],"class_list":{"0":"post-39404","1":"product","2":"type-product","3":"status-publish","4":"has-post-thumbnail","6":"product_cat-lcd-panel","7":"pa_inputvoltage-5-0v-typ","8":"pa_lcd-size-5-8","9":"pa_mpn-lm213xb","10":"pa_resolution-256-x-64","12":"first","13":"instock","14":"purchasable","15":"product-type-simple"},"_links":{"self":[{"href":"https:\/\/www.lcdbk.com\/fr\/wp-json\/wp\/v2\/product\/39404","targetHints":{"allow":["GET"]}}],"collection":[{"href":"https:\/\/www.lcdbk.com\/fr\/wp-json\/wp\/v2\/product"}],"about":[{"href":"https:\/\/www.lcdbk.com\/fr\/wp-json\/wp\/v2\/types\/product"}],"replies":[{"embeddable":true,"href":"https:\/\/www.lcdbk.com\/fr\/wp-json\/wp\/v2\/comments?post=39404"}],"version-history":[{"count":1,"href":"https:\/\/www.lcdbk.com\/fr\/wp-json\/wp\/v2\/product\/39404\/revisions"}],"predecessor-version":[{"id":39405,"href":"https:\/\/www.lcdbk.com\/fr\/wp-json\/wp\/v2\/product\/39404\/revisions\/39405"}],"wp:featuredmedia":[{"embeddable":true,"href":"https:\/\/www.lcdbk.com\/fr\/wp-json\/wp\/v2\/media\/39406"}],"wp:attachment":[{"href":"https:\/\/www.lcdbk.com\/fr\/wp-json\/wp\/v2\/media?parent=39404"}],"wp:term":[{"taxonomy":"product_cat","embeddable":true,"href":"https:\/\/www.lcdbk.com\/fr\/wp-json\/wp\/v2\/product_cat?post=39404"},{"taxonomy":"product_tag","embeddable":true,"href":"https:\/\/www.lcdbk.com\/fr\/wp-json\/wp\/v2\/product_tag?post=39404"}],"curies":[{"name":"wp","href":"https:\/\/api.w.org\/{rel}","templated":true}]}}